{"id":219,"date":"2022-09-12T23:06:18","date_gmt":"2022-09-12T23:06:18","guid":{"rendered":"http:\/\/friseursalon-joern-ulrich.de\/wordpress\/?page_id=219"},"modified":"2024-08-19T11:58:05","modified_gmt":"2024-08-19T11:58:05","slug":"hochzeit","status":"publish","type":"page","link":"https:\/\/haarwerk-kreuzviertel.de\/?page_id=219","title":{"rendered":"HOCHZEIT"},"content":{"rendered":"<h2><span style=\"color: #993366;\">F\u00fcr den sch\u00f6nsten Tag<\/span><\/h2>\n<p>Hochzeitsfrisuren aller Art<br \/>\n\u2013 Probestecken f\u00fcr Br\u00e4ute<br \/>\n\u2013 Braut Frisuren, Steck und Flechtfrisuren<br \/>\n\u2013 Individuelle Make-up`s<br \/>\n\u2013 Gro\u00dfe Auswahl an Brautschmuck<br \/>\n\u2013 Anschauungsmaterial wie Bilder etc.<\/p>\n<p>Spezielle Angebote auch f\u00fcr Trauzeuginnen und Trauzeugen<br \/>\nSekt, Kaffee, Wasser, Tee, und diverse Erfrischungsgetr\u00e4nke<br \/>\nAuf Wunsch in ruhiger intimer Atmosph\u00e4re bei ihnen zu Hause \u2026<\/p>\n<p><strong><span style=\"color: #993366;\">Angebot 1 &#8211; HAARWERK<\/span><\/strong><br \/>\n<strong><span style=\"color: #000000;\">Zur Vorbereitung:<\/span><\/strong><br \/>\n<span style=\"color: #000000;\">Sie haben schon eine genaue Vorstellung von Ihrer Hochzeitsfrisur und dem dazu passenden Braut Make-up? Dann besuchen Sie uns zu einem Vorgespr\u00e4ch in dem wir alle Einzelheiten besprechen.<\/span><br \/>\n<span style=\"color: #000000;\">Dauer ca. 30 Min.<\/span><br \/>\n<strong><span style=\"color: #000000;\">Am Hochzeitstag:<\/span><\/strong><br \/>\n<span style=\"color: #000000;\">Wir erstellen Ihre perfekte Hochzeitsfrisur incl. passendem Braut Make-up bei uns im Salon.<br \/>\n<\/span><strong>Dauer ca. 2,5 Std. 180,- \u20ac*<\/strong><\/p>\n<p><span style=\"color: #993366;\"><strong>Angebot 2 &#8211; HAARWERK +<\/strong><\/span><br \/>\n<strong>Zur Vorbereitung:<\/strong><br \/>\nSie haben noch keine genaue Vorstellung von Ihrer Brautfrisur bzw. dem dazu passendem Braut Make-up? \u2028Dann lassen Sie sich dazu ausf\u00fchrlich beraten. Im Anschlu\u00df daran wird sowohl die Frisur zur Probe gesteckt als auch das Make-up erstellt. So haben Sie eine genaue Vorstellung davon, wie Sie am Hochzeitstag aussehen werden.\u2028\u2028Dauer ca. 2Std.<br \/>\n<strong>Am Hochzeitstag:\u2028<\/strong><br \/>\nWir erstellen Ihre perfekte Hochzeitsfrisur incl. passendem Braut Make-up bei uns Salon.<br \/>\n<strong>Dauer ca. 2,5 Std. 270,- \u20ac*<\/strong><\/p>\n<p><span style=\"color: #993366;\"><strong>Angebot 3 &#8211; HAARWERK | DE LUXE<\/strong><\/span><br \/>\n<strong>Zur Vorbereitung:\u2028<\/strong><br \/>\nHier bekommen sie die gleiche Vorbereitung wie beim HAARWERK + Angebot.<br \/>\n<strong>Das Besondere gibt\u00b4s am Hochzeitstag:\u2028<\/strong><br \/>\nWir erstellen Ihre perfekte Hochzeitsfrisur incl. passendem Braut Make-up bei Ihnen zu Hause. So k\u00f6nnen Sie den Tag ganz entspannt beginnen und m\u00fcssen selber keinerlei Vorbereitungen zu treffen, was Ihr bravour\u00f6ses Aussehen an Ihrem Hochzeitstag angeht.<br \/>\n<strong>Dauer ca. 2,5 Std. 330,- \u20ac*\u2028\u2028*<\/strong><br \/>\nBei Mehr- oder Minderaufwand kann der Preis abweichen.<\/p>\n<p>&nbsp;<\/p>\n","protected":false},"excerpt":{"rendered":"<p>F\u00fcr den sch\u00f6nsten Tag Hochzeitsfrisuren aller Art \u2013 Probestecken f\u00fcr Br\u00e4ute \u2013 Braut Frisuren, Steck und Flechtfrisuren \u2013 Individuelle Make-up`s \u2013 Gro\u00dfe Auswahl an Brautschmuck \u2013 Anschauungsmaterial wie Bilder etc.&hellip; <a class=\"excerpt-more-link\" href=\"https:\/\/haarwerk-kreuzviertel.de\/?page_id=219\">Weiterlesen<\/a><\/p>\n","protected":false},"author":1,"featured_media":0,"parent":0,"menu_order":0,"comment_status":"closed","ping_status":"closed","template":"","meta":{"spay_email":""},"_links":{"self":[{"href":"https:\/\/haarwerk-kreuzviertel.de\/index.php?rest_route=\/wp\/v2\/pages\/219"}],"collection":[{"href":"https:\/\/haarwerk-kreuzviertel.de\/index.php?rest_route=\/wp\/v2\/pages"}],"about":[{"href":"https:\/\/haarwerk-kreuzviertel.de\/index.php?rest_route=\/wp\/v2\/types\/page"}],"author":[{"embeddable":true,"href":"https:\/\/haarwerk-kreuzviertel.de\/index.php?rest_route=\/wp\/v2\/users\/1"}],"replies":[{"embeddable":true,"href":"https:\/\/haarwerk-kreuzviertel.de\/index.php?rest_route=%2Fwp%2Fv2%2Fcomments&post=219"}],"version-history":[{"count":4,"href":"https:\/\/haarwerk-kreuzviertel.de\/index.php?rest_route=\/wp\/v2\/pages\/219\/revisions"}],"predecessor-version":[{"id":338,"href":"https:\/\/haarwerk-kreuzviertel.de\/index.php?rest_route=\/wp\/v2\/pages\/219\/revisions\/338"}],"wp:attachment":[{"href":"https:\/\/haarwerk-kreuzviertel.de\/index.php?rest_route=%2Fwp%2Fv2%2Fmedia&parent=219"}],"curies":[{"name":"wp","href":"https:\/\/api.w.org\/{rel}","templated":true}]}}