{"id":213,"date":"2022-09-12T23:04:56","date_gmt":"2022-09-12T23:04:56","guid":{"rendered":"http:\/\/friseursalon-joern-ulrich.de\/wordpress\/?page_id=213"},"modified":"2026-01-02T11:01:41","modified_gmt":"2026-01-02T11:01:41","slug":"preise","status":"publish","type":"page","link":"https:\/\/haarwerk-kreuzviertel.de\/?page_id=213","title":{"rendered":"PREISE"},"content":{"rendered":"<p><a href=\"http:\/\/haarwerk-kreuzviertel.de\/wordpress\/wp-content\/uploads\/2022\/09\/schneiden_breit.jpg\"><img data-attachment-id=\"264\" data-permalink=\"https:\/\/haarwerk-kreuzviertel.de\/?attachment_id=264\" data-orig-file=\"https:\/\/haarwerk-kreuzviertel.de\/wp-content\/uploads\/2022\/09\/schneiden_breit.jpg\" data-orig-size=\"1000,667\" data-comments-opened=\"0\" data-image-meta=\"{&quot;aperture&quot;:&quot;0&quot;,&quot;credit&quot;:&quot;&quot;,&quot;camera&quot;:&quot;&quot;,&quot;caption&quot;:&quot;&quot;,&quot;created_timestamp&quot;:&quot;0&quot;,&quot;copyright&quot;:&quot;&quot;,&quot;focal_length&quot;:&quot;0&quot;,&quot;iso&quot;:&quot;0&quot;,&quot;shutter_speed&quot;:&quot;0&quot;,&quot;title&quot;:&quot;&quot;,&quot;orientation&quot;:&quot;1&quot;}\" data-image-title=\"schneiden_breit\" data-image-description=\"\" data-medium-file=\"https:\/\/haarwerk-kreuzviertel.de\/wp-content\/uploads\/2022\/09\/schneiden_breit-300x200.jpg\" data-large-file=\"https:\/\/haarwerk-kreuzviertel.de\/wp-content\/uploads\/2022\/09\/schneiden_breit.jpg\" loading=\"lazy\" class=\"alignnone size-full wp-image-264\" src=\"http:\/\/haarwerk-kreuzviertel.de\/wordpress\/wp-content\/uploads\/2022\/09\/schneiden_breit.jpg\" alt=\"\" width=\"1000\" height=\"667\" srcset=\"https:\/\/haarwerk-kreuzviertel.de\/wp-content\/uploads\/2022\/09\/schneiden_breit.jpg 1000w, https:\/\/haarwerk-kreuzviertel.de\/wp-content\/uploads\/2022\/09\/schneiden_breit-300x200.jpg 300w, https:\/\/haarwerk-kreuzviertel.de\/wp-content\/uploads\/2022\/09\/schneiden_breit-768x512.jpg 768w, https:\/\/haarwerk-kreuzviertel.de\/wp-content\/uploads\/2022\/09\/schneiden_breit-660x440.jpg 660w, https:\/\/haarwerk-kreuzviertel.de\/wp-content\/uploads\/2022\/09\/schneiden_breit-373x248.jpg 373w\" sizes=\"(max-width: 1000px) 100vw, 1000px\" \/><\/a><\/p>\n<p class=\"Stil41\">Bei Mehr- oder Minderaufwand kann der Preis abweichen.<br \/>\nWir beraten Sie gern!<br \/>\nAlle Preise inklusive der gesetzlichen Mwst.<br \/>\nZahlung mit EC-Karte ist m\u00f6glich.<\/p>\n<table border=\"5\" width=\"50%\" align=\"left\">\n<caption><span style=\"color: #993366;\"><strong>Frauen<\/strong><\/span><\/caption>\n<tbody>\n<tr>\n<td align=\"left\" valign=\"top\">Waschen, Schneiden, F\u00f6nen<br \/>\nWaschen, F\u00f6nen<br \/>\nHochstecken nach Aufwand<br \/>\nWaschen, Schneiden, Selberf\u00f6nen<\/td>\n<td align=\"right\" valign=\"top\">53,00 \u20ac<br \/>\n30,00 \u20ac<br \/>\nab 53,00 \u20ac<br \/>\n35,00 \u20ac<\/td>\n<\/tr>\n<\/tbody>\n<\/table>\n<table border=\"5\" width=\"50%\" align=\"left\">\n<caption><span style=\"color: #993366;\"><strong>M\u00e4nner<\/strong><\/span><\/caption>\n<tbody>\n<tr>\n<td align=\"left\" valign=\"top\">Waschen, Schneiden, F\u00f6nen<br \/>\nBart<br \/>\nKonturen<\/td>\n<td align=\"right\" valign=\"top\">35,00 \u20ac<br \/>\n16,50 \u20ac<br \/>\n18,00 \u20ac<\/td>\n<\/tr>\n<\/tbody>\n<\/table>\n<table border=\"5\" width=\"50%\" align=\"left\">\n<caption><span style=\"color: #993366;\"><strong>Kinder bis 14 Jahre<\/strong><\/span><\/caption>\n<tbody>\n<tr>\n<td align=\"left\" valign=\"top\">Waschen, Schneiden, F\u00f6nen<\/td>\n<td align=\"right\" valign=\"top\">30,50 \u20ac<\/td>\n<\/tr>\n<\/tbody>\n<\/table>\n<table border=\"5\" width=\"50%\" align=\"left\">\n<caption><span style=\"color: #993366;\"><strong>Farb- und Formver\u00e4nderungen<\/strong><\/span><\/caption>\n<tbody>\n<tr>\n<td align=\"left\" valign=\"top\">Umformung<br \/>\nF\u00e4rbung<br \/>\nT\u00f6nung<br \/>\nStr\u00e4hnen nach Aufwand ab<br \/>\nWimpernwelle<\/td>\n<td align=\"right\" valign=\"top\">65,00 \u20ac<br \/>\n45,50 \u20ac<br \/>\n34,50 \u20ac<br \/>\n47,00 \u20ac<br \/>\n40,00 \u20ac<\/td>\n<\/tr>\n<\/tbody>\n<\/table>\n<table border=\"5\" width=\"50%\" align=\"left\">\n<caption><span style=\"color: #993366;\"><strong>Allgemein<\/strong><\/span><\/caption>\n<tbody>\n<tr>\n<td align=\"left\" valign=\"top\">Kur<br \/>\nSp\u00fclung<br \/>\nSpray, Gel, usw.<br \/>\nFestiger<\/td>\n<td align=\"right\" valign=\"top\">13,50 \u20ac<br \/>\n8,00 \u20ac<br \/>\n4,50 \u20ac<br \/>\n8,00 \u20ac<\/td>\n<\/tr>\n<\/tbody>\n<\/table>\n<table border=\"5\" width=\"50%\" align=\"left\">\n<caption><span style=\"color: #993366;\"><strong>Kosmetik<\/strong><\/span><\/caption>\n<tbody>\n<tr>\n<td align=\"left\" valign=\"top\">Augenbrauen F\u00e4rben<br \/>\nWimpern F\u00e4rben<br \/>\nAugenbrauen Zupfen<br \/>\nTages-Make-up<br \/>\nManik\u00fcre<\/td>\n<td align=\"right\" valign=\"top\">13,00 \u20ac<br \/>\n20,50 \u20ac<br \/>\n13,00 \u20ac<br \/>\n41,00 \u20ac<br \/>\n30,00 \u20ac<\/td>\n<\/tr>\n<\/tbody>\n<\/table>\n","protected":false},"excerpt":{"rendered":"<p>Bei Mehr- oder Minderaufwand kann der Preis abweichen. Wir beraten Sie gern! Alle Preise inklusive der gesetzlichen Mwst. Zahlung mit EC-Karte ist m\u00f6glich. Frauen Waschen, Schneiden, F\u00f6nen Waschen, F\u00f6nen Hochstecken&hellip; <a class=\"excerpt-more-link\" href=\"https:\/\/haarwerk-kreuzviertel.de\/?page_id=213\">Weiterlesen<\/a><\/p>\n","protected":false},"author":1,"featured_media":0,"parent":0,"menu_order":0,"comment_status":"closed","ping_status":"closed","template":"","meta":{"spay_email":""},"_links":{"self":[{"href":"https:\/\/haarwerk-kreuzviertel.de\/index.php?rest_route=\/wp\/v2\/pages\/213"}],"collection":[{"href":"https:\/\/haarwerk-kreuzviertel.de\/index.php?rest_route=\/wp\/v2\/pages"}],"about":[{"href":"https:\/\/haarwerk-kreuzviertel.de\/index.php?rest_route=\/wp\/v2\/types\/page"}],"author":[{"embeddable":true,"href":"https:\/\/haarwerk-kreuzviertel.de\/index.php?rest_route=\/wp\/v2\/users\/1"}],"replies":[{"embeddable":true,"href":"https:\/\/haarwerk-kreuzviertel.de\/index.php?rest_route=%2Fwp%2Fv2%2Fcomments&post=213"}],"version-history":[{"count":24,"href":"https:\/\/haarwerk-kreuzviertel.de\/index.php?rest_route=\/wp\/v2\/pages\/213\/revisions"}],"predecessor-version":[{"id":355,"href":"https:\/\/haarwerk-kreuzviertel.de\/index.php?rest_route=\/wp\/v2\/pages\/213\/revisions\/355"}],"wp:attachment":[{"href":"https:\/\/haarwerk-kreuzviertel.de\/index.php?rest_route=%2Fwp%2Fv2%2Fmedia&parent=213"}],"curies":[{"name":"wp","href":"https:\/\/api.w.org\/{rel}","templated":true}]}}