{"id":209,"date":"2022-09-12T23:01:22","date_gmt":"2022-09-12T23:01:22","guid":{"rendered":"http:\/\/friseursalon-joern-ulrich.de\/wordpress\/?page_id=209"},"modified":"2022-09-29T10:28:40","modified_gmt":"2022-09-29T10:28:40","slug":"pflanzenhaarfarbe","status":"publish","type":"page","link":"https:\/\/haarwerk-kreuzviertel.de\/?page_id=209","title":{"rendered":"PFLANZENHAARFARBE"},"content":{"rendered":"<p>Wir f\u00e4rben ausschlie\u00dflich mit hochwertigen Pflanzenhaarfarben, welche ihrem Haar ausdrucksvolle, lebendige Farbt\u00f6ne, Glanz und Volumen verleihen.<\/p>\n<p><span style=\"color: #993366;\">100 % Bio und das ganz ohne Chemie.<\/span><\/p>\n<p>Je nach Farbton werden die verwendeten Pflanzen in unterschiedlichen Mischungen und Gewichtsanteilen eingesetzt.<\/p>\n<p>Das Ergebnis einer Farbver\u00e4nderung mit pflanzlichen Farben ist immer vom individuellen Naturton der Haare, der Rezeptur und der Einwirkzeit abh\u00e4ngig.<\/p>\n<p><a href=\"http:\/\/haarwerk-kreuzviertel.de\/wordpress\/wp-content\/uploads\/2022\/09\/waschen_nah.jpg\"><img data-attachment-id=\"265\" data-permalink=\"https:\/\/haarwerk-kreuzviertel.de\/?attachment_id=265\" data-orig-file=\"https:\/\/haarwerk-kreuzviertel.de\/wp-content\/uploads\/2022\/09\/waschen_nah.jpg\" data-orig-size=\"1000,667\" data-comments-opened=\"0\" data-image-meta=\"{&quot;aperture&quot;:&quot;0&quot;,&quot;credit&quot;:&quot;&quot;,&quot;camera&quot;:&quot;&quot;,&quot;caption&quot;:&quot;&quot;,&quot;created_timestamp&quot;:&quot;0&quot;,&quot;copyright&quot;:&quot;&quot;,&quot;focal_length&quot;:&quot;0&quot;,&quot;iso&quot;:&quot;0&quot;,&quot;shutter_speed&quot;:&quot;0&quot;,&quot;title&quot;:&quot;&quot;,&quot;orientation&quot;:&quot;1&quot;}\" data-image-title=\"waschen_nah\" data-image-description=\"\" data-medium-file=\"https:\/\/haarwerk-kreuzviertel.de\/wp-content\/uploads\/2022\/09\/waschen_nah-300x200.jpg\" data-large-file=\"https:\/\/haarwerk-kreuzviertel.de\/wp-content\/uploads\/2022\/09\/waschen_nah.jpg\" loading=\"lazy\" class=\"alignnone size-full wp-image-265\" src=\"http:\/\/haarwerk-kreuzviertel.de\/wordpress\/wp-content\/uploads\/2022\/09\/waschen_nah.jpg\" alt=\"\" width=\"1000\" height=\"667\" srcset=\"https:\/\/haarwerk-kreuzviertel.de\/wp-content\/uploads\/2022\/09\/waschen_nah.jpg 1000w, https:\/\/haarwerk-kreuzviertel.de\/wp-content\/uploads\/2022\/09\/waschen_nah-300x200.jpg 300w, https:\/\/haarwerk-kreuzviertel.de\/wp-content\/uploads\/2022\/09\/waschen_nah-768x512.jpg 768w, https:\/\/haarwerk-kreuzviertel.de\/wp-content\/uploads\/2022\/09\/waschen_nah-660x440.jpg 660w, https:\/\/haarwerk-kreuzviertel.de\/wp-content\/uploads\/2022\/09\/waschen_nah-373x248.jpg 373w\" sizes=\"(max-width: 1000px) 100vw, 1000px\" \/><\/a><\/p>\n<p>Sprechen Sie uns an!<\/p>\n","protected":false},"excerpt":{"rendered":"<p>Wir f\u00e4rben ausschlie\u00dflich mit hochwertigen Pflanzenhaarfarben, welche ihrem Haar ausdrucksvolle, lebendige Farbt\u00f6ne, Glanz und Volumen verleihen. 100 % Bio und das ganz ohne Chemie. Je nach Farbton werden die verwendeten&hellip; <a class=\"excerpt-more-link\" href=\"https:\/\/haarwerk-kreuzviertel.de\/?page_id=209\">Weiterlesen<\/a><\/p>\n","protected":false},"author":1,"featured_media":0,"parent":0,"menu_order":0,"comment_status":"closed","ping_status":"closed","template":"","meta":{"spay_email":""},"_links":{"self":[{"href":"https:\/\/haarwerk-kreuzviertel.de\/index.php?rest_route=\/wp\/v2\/pages\/209"}],"collection":[{"href":"https:\/\/haarwerk-kreuzviertel.de\/index.php?rest_route=\/wp\/v2\/pages"}],"about":[{"href":"https:\/\/haarwerk-kreuzviertel.de\/index.php?rest_route=\/wp\/v2\/types\/page"}],"author":[{"embeddable":true,"href":"https:\/\/haarwerk-kreuzviertel.de\/index.php?rest_route=\/wp\/v2\/users\/1"}],"replies":[{"embeddable":true,"href":"https:\/\/haarwerk-kreuzviertel.de\/index.php?rest_route=%2Fwp%2Fv2%2Fcomments&post=209"}],"version-history":[{"count":5,"href":"https:\/\/haarwerk-kreuzviertel.de\/index.php?rest_route=\/wp\/v2\/pages\/209\/revisions"}],"predecessor-version":[{"id":294,"href":"https:\/\/haarwerk-kreuzviertel.de\/index.php?rest_route=\/wp\/v2\/pages\/209\/revisions\/294"}],"wp:attachment":[{"href":"https:\/\/haarwerk-kreuzviertel.de\/index.php?rest_route=%2Fwp%2Fv2%2Fmedia&parent=209"}],"curies":[{"name":"wp","href":"https:\/\/api.w.org\/{rel}","templated":true}]}}