{"id":207,"date":"2022-09-12T23:01:04","date_gmt":"2022-09-12T23:01:04","guid":{"rendered":"http:\/\/friseursalon-joern-ulrich.de\/wordpress\/?page_id=207"},"modified":"2024-08-19T11:36:10","modified_gmt":"2024-08-19T11:36:10","slug":"haarwerk","status":"publish","type":"page","link":"https:\/\/haarwerk-kreuzviertel.de\/?page_id=207","title":{"rendered":"HAARWERK"},"content":{"rendered":"<h2><span style=\"color: #993366;\">Herzlich Willkommen im Haarwerk<\/span><\/h2>\n<p>1995 er\u00f6ffnete J\u00f6rn Ulrich seinen Friseursalon in Dortmund.<br \/>\nSeit April 2010 befindet er sich in den neuen R\u00e4umlichkeiten in der Liebigstra\u00dfe 46.<\/p>\n<p>Wir sind ein Team, dass durch erfolgreiche Arbeit \u2013 unterst\u00fctzt durch st\u00e4ndige Fortbildungen und den regelm\u00e4\u00dfigen Besuch von Fachtagungen \u2013 eine breite Basis von Wissen und Erfahrung gesammelt hat. Dies schafft die optimale Grundlage f\u00fcr eine individuelle Beratung und Bedienung.<\/p>\n<h2><span style=\"color: #993366;\">Leistungen<\/span><\/h2>\n<p>Genauso individuell wie die W\u00fcnsche unserer Kunden sind auch die von uns angebotenen Dienstleistungen. Dies gilt f\u00fcr aufw\u00e4ndige Str\u00e4hnentechniken, Farbver\u00e4nderungen (sowohl klassisch als auch mit <a href=\"http:\/\/haarwerk-kreuzviertel.de\/wordpress\/?page_id=209\">Pflanzen Haarfarbe<\/a>) oder die Umformung f\u00fcr leichte Bewegung und Volumen und nat\u00fcrlich auch den auf ihre Pers\u00f6nlichkeit abgestimmten Haarschnitt.<\/p>\n<p>Um diesen Anforderungen gerecht zu werden verpflichtet sich unser Team zu st\u00e4ndigen Fortbildung. Dies geschieht sowohl durch den regelm\u00e4\u00dfigen Besuch fachspezifische Seminare und Messen als auch durch das Training im Salon. Um ein m\u00f6glichst breites Spektrum an Fachwissen vorzuweisen engagieren wir auch immer wieder externe Friseurtrainer.<\/p>\n<p><a href=\"http:\/\/haarwerk-kreuzviertel.de\/wordpress\/wp-content\/uploads\/2022\/09\/WETA_HAARWERK_POSTSLIDER_1000x667_2.jpg\"><img data-attachment-id=\"198\" data-permalink=\"https:\/\/haarwerk-kreuzviertel.de\/?attachment_id=198\" data-orig-file=\"https:\/\/haarwerk-kreuzviertel.de\/wp-content\/uploads\/2022\/09\/WETA_HAARWERK_POSTSLIDER_1000x667_2.jpg\" data-orig-size=\"1000,667\" data-comments-opened=\"0\" data-image-meta=\"{&quot;aperture&quot;:&quot;0&quot;,&quot;credit&quot;:&quot;&quot;,&quot;camera&quot;:&quot;&quot;,&quot;caption&quot;:&quot;&quot;,&quot;created_timestamp&quot;:&quot;0&quot;,&quot;copyright&quot;:&quot;&quot;,&quot;focal_length&quot;:&quot;0&quot;,&quot;iso&quot;:&quot;0&quot;,&quot;shutter_speed&quot;:&quot;0&quot;,&quot;title&quot;:&quot;&quot;,&quot;orientation&quot;:&quot;1&quot;}\" data-image-title=\"WETA_HAARWERK_POSTSLIDER_1000x667_2\" data-image-description=\"\" data-medium-file=\"https:\/\/haarwerk-kreuzviertel.de\/wp-content\/uploads\/2022\/09\/WETA_HAARWERK_POSTSLIDER_1000x667_2-300x200.jpg\" data-large-file=\"https:\/\/haarwerk-kreuzviertel.de\/wp-content\/uploads\/2022\/09\/WETA_HAARWERK_POSTSLIDER_1000x667_2.jpg\" loading=\"lazy\" class=\"alignnone size-full wp-image-198\" src=\"http:\/\/haarwerk-kreuzviertel.de\/wordpress\/wp-content\/uploads\/2022\/09\/WETA_HAARWERK_POSTSLIDER_1000x667_2.jpg\" alt=\"\" width=\"1000\" height=\"667\" srcset=\"https:\/\/haarwerk-kreuzviertel.de\/wp-content\/uploads\/2022\/09\/WETA_HAARWERK_POSTSLIDER_1000x667_2.jpg 1000w, https:\/\/haarwerk-kreuzviertel.de\/wp-content\/uploads\/2022\/09\/WETA_HAARWERK_POSTSLIDER_1000x667_2-300x200.jpg 300w, https:\/\/haarwerk-kreuzviertel.de\/wp-content\/uploads\/2022\/09\/WETA_HAARWERK_POSTSLIDER_1000x667_2-768x512.jpg 768w, https:\/\/haarwerk-kreuzviertel.de\/wp-content\/uploads\/2022\/09\/WETA_HAARWERK_POSTSLIDER_1000x667_2-660x440.jpg 660w, https:\/\/haarwerk-kreuzviertel.de\/wp-content\/uploads\/2022\/09\/WETA_HAARWERK_POSTSLIDER_1000x667_2-373x248.jpg 373w\" sizes=\"(max-width: 1000px) 100vw, 1000px\" \/><\/a><\/p>\n","protected":false},"excerpt":{"rendered":"<p>Herzlich Willkommen im Haarwerk 1995 er\u00f6ffnete J\u00f6rn Ulrich seinen Friseursalon in Dortmund. Seit April 2010 befindet er sich in den neuen R\u00e4umlichkeiten in der Liebigstra\u00dfe 46. Wir sind ein Team,&hellip; <a class=\"excerpt-more-link\" href=\"https:\/\/haarwerk-kreuzviertel.de\/?page_id=207\">Weiterlesen<\/a><\/p>\n","protected":false},"author":1,"featured_media":198,"parent":0,"menu_order":0,"comment_status":"closed","ping_status":"closed","template":"","meta":{"spay_email":""},"_links":{"self":[{"href":"https:\/\/haarwerk-kreuzviertel.de\/index.php?rest_route=\/wp\/v2\/pages\/207"}],"collection":[{"href":"https:\/\/haarwerk-kreuzviertel.de\/index.php?rest_route=\/wp\/v2\/pages"}],"about":[{"href":"https:\/\/haarwerk-kreuzviertel.de\/index.php?rest_route=\/wp\/v2\/types\/page"}],"author":[{"embeddable":true,"href":"https:\/\/haarwerk-kreuzviertel.de\/index.php?rest_route=\/wp\/v2\/users\/1"}],"replies":[{"embeddable":true,"href":"https:\/\/haarwerk-kreuzviertel.de\/index.php?rest_route=%2Fwp%2Fv2%2Fcomments&post=207"}],"version-history":[{"count":7,"href":"https:\/\/haarwerk-kreuzviertel.de\/index.php?rest_route=\/wp\/v2\/pages\/207\/revisions"}],"predecessor-version":[{"id":331,"href":"https:\/\/haarwerk-kreuzviertel.de\/index.php?rest_route=\/wp\/v2\/pages\/207\/revisions\/331"}],"wp:featuredmedia":[{"embeddable":true,"href":"https:\/\/haarwerk-kreuzviertel.de\/index.php?rest_route=\/wp\/v2\/media\/198"}],"wp:attachment":[{"href":"https:\/\/haarwerk-kreuzviertel.de\/index.php?rest_route=%2Fwp%2Fv2%2Fmedia&parent=207"}],"curies":[{"name":"wp","href":"https:\/\/api.w.org\/{rel}","templated":true}]}}